{"id":6347,"date":"2024-06-05T16:46:18","date_gmt":"2024-06-05T14:46:18","guid":{"rendered":"https:\/\/www.haitian.com\/wir-kuemmern-uns\/"},"modified":"2025-09-24T19:20:40","modified_gmt":"2025-09-24T17:20:40","slug":"wir-kuemmern-uns","status":"publish","type":"page","link":"https:\/\/www.haitian.com\/de\/wir-kuemmern-uns\/","title":{"rendered":"Wir k\u00fcmmern uns"},"content":{"rendered":"<p>[et_pb_section fb_built=&#8220;1&#8243; fullwidth=&#8220;on&#8220; module_class=&#8220;teaser-image-under-text&#8220; _builder_version=&#8220;4.22.2&#8243; _module_preset=&#8220;default&#8220; locked=&#8220;off&#8220; global_colors_info=&#8220;{}&#8220;][et_pb_fullwidth_header text_orientation=&#8220;center&#8220; header_fullscreen=&#8220;on&#8220; header_image_url=&#8220;https:\/\/www.haitian.com\/wp-content\/uploads\/sites\/2\/2024\/12\/Group_Teaser-we-care-1.jpg&#8220; image_orientation=&#8220;bottom&#8220; _builder_version=&#8220;4.27.4&#8243; _module_preset=&#8220;default&#8220; background_enable_color=&#8220;off&#8220; background_layout=&#8220;light&#8220; global_colors_info=&#8220;{}&#8220;][\/et_pb_fullwidth_header][\/et_pb_section][et_pb_section fb_built=&#8220;1&#8243; _builder_version=&#8220;4.22.2&#8243; _module_preset=&#8220;default&#8220; custom_margin=&#8220;||82px|||&#8220; custom_padding=&#8220;82px|||||&#8220; global_colors_info=&#8220;{}&#8220;][et_pb_row _builder_version=&#8220;4.25.2&#8243; _module_preset=&#8220;default&#8220; global_colors_info=&#8220;{}&#8220;][et_pb_column type=&#8220;4_4&#8243; _builder_version=&#8220;4.25.2&#8243; _module_preset=&#8220;default&#8220; global_colors_info=&#8220;{}&#8220;][et_pb_text _builder_version=&#8220;4.27.2&#8243; _module_preset=&#8220;default&#8220; global_colors_info=&#8220;{}&#8220;]<\/p>\n<h3 class=\"et_pb_module_header\" style=\"text-align: center\"><strong>Wir k\u00fcmmern uns<\/strong><\/h3>\n<h1 class=\"et_pb_module_header\" style=\"text-align: center\">Unsere Welt unsere<br \/>Verantwortung<\/h1>\n<p>[\/et_pb_text][\/et_pb_column][\/et_pb_row][et_pb_row column_structure=&#8220;1_2,1_2&#8243; module_class=&#8220;row-counter row-divider-counter&#8220; _builder_version=&#8220;4.23.1&#8243; _module_preset=&#8220;default&#8220; width=&#8220;50%&#8220; width_tablet=&#8220;auto&#8220; width_phone=&#8220;auto&#8220; width_last_edited=&#8220;on|phone&#8220; custom_padding=&#8220;0px||||false|false&#8220; global_colors_info=&#8220;{}&#8220;][et_pb_column type=&#8220;1_2&#8243; _builder_version=&#8220;4.22.2&#8243; _module_preset=&#8220;default&#8220; global_colors_info=&#8220;{}&#8220;][et_pb_number_counter title=&#8220;Commonweal Gesamtspendenprojekt&#8220; number=&#8220;220&#8243; _builder_version=&#8220;4.27.4&#8243; _module_preset=&#8220;default&#8220; title_level=&#8220;h6&#8243; title_font=&#8220;|600|||||||&#8220; number_font=&#8220;|700|||||||&#8220; width=&#8220;70%&#8220; width_tablet=&#8220;40%&#8220; width_phone=&#8220;50%&#8220; width_last_edited=&#8220;on|phone&#8220; hover_enabled=&#8220;0&#8243; global_colors_info=&#8220;{}&#8220; sticky_enabled=&#8220;0&#8243;][\/et_pb_number_counter][\/et_pb_column][et_pb_column type=&#8220;1_2&#8243; _builder_version=&#8220;4.22.2&#8243; _module_preset=&#8220;default&#8220; global_colors_info=&#8220;{}&#8220;][et_pb_number_counter title=&#8220;Mio RMB Gesamtspende&#8220; number=&#8220;460&#8243; percent_sign=&#8220;off&#8220; _builder_version=&#8220;4.27.2&#8243; _module_preset=&#8220;default&#8220; title_level=&#8220;h6&#8243; title_font=&#8220;|600|||||||&#8220; number_font=&#8220;|700|||||||&#8220; width=&#8220;70%&#8220; width_tablet=&#8220;40%&#8220; width_phone=&#8220;50%&#8220; width_last_edited=&#8220;on|phone&#8220; global_colors_info=&#8220;{}&#8220;][\/et_pb_number_counter][\/et_pb_column][\/et_pb_row][et_pb_row column_structure=&#8220;1_3,1_3,1_3&#8243; module_class=&#8220;row-counter row-divider-counter&#8220; _builder_version=&#8220;4.23.1&#8243; _module_preset=&#8220;default&#8220; custom_padding=&#8220;0px||||false|false&#8220; global_colors_info=&#8220;{}&#8220;][et_pb_column type=&#8220;1_3&#8243; _builder_version=&#8220;4.22.2&#8243; _module_preset=&#8220;default&#8220; global_colors_info=&#8220;{}&#8220;][et_pb_number_counter title=&#8220;Vereine&#8220; number=&#8220;18&#8243; percent_sign=&#8220;off&#8220; _builder_version=&#8220;4.27.2&#8243; _module_preset=&#8220;default&#8220; title_level=&#8220;h6&#8243; title_font=&#8220;|600|||||||&#8220; number_font=&#8220;|700|||||||&#8220; width=&#8220;70%&#8220; width_tablet=&#8220;40%&#8220; width_phone=&#8220;50%&#8220; width_last_edited=&#8220;on|phone&#8220; global_colors_info=&#8220;{}&#8220;][\/et_pb_number_counter][\/et_pb_column][et_pb_column type=&#8220;1_3&#8243; _builder_version=&#8220;4.22.2&#8243; _module_preset=&#8220;default&#8220; global_colors_info=&#8220;{}&#8220;][et_pb_number_counter title=&#8220;Mietwohnungen&#8220; number=&#8220;2000&#8243; _builder_version=&#8220;4.27.2&#8243; _module_preset=&#8220;default&#8220; title_level=&#8220;h6&#8243; title_font=&#8220;|600|||||||&#8220; number_font=&#8220;|700|||||||&#8220; width=&#8220;70%&#8220; width_tablet=&#8220;40%&#8220; width_phone=&#8220;50%&#8220; width_last_edited=&#8220;on|phone&#8220; global_colors_info=&#8220;{}&#8220;][\/et_pb_number_counter][\/et_pb_column][et_pb_column type=&#8220;1_3&#8243; _builder_version=&#8220;4.22.2&#8243; _module_preset=&#8220;default&#8220; global_colors_info=&#8220;{}&#8220;][et_pb_number_counter title=&#8220;Nutzen f\u00fcr Arbeitgeber und ihre Familien&#8220; number=&#8220;1000&#8243; _builder_version=&#8220;4.27.2&#8243; _module_preset=&#8220;default&#8220; title_level=&#8220;h6&#8243; title_font=&#8220;|600|||||||&#8220; number_font=&#8220;|700|||||||&#8220; width=&#8220;70%&#8220; width_tablet=&#8220;40%&#8220; width_phone=&#8220;50%&#8220; width_last_edited=&#8220;on|phone&#8220; global_colors_info=&#8220;{}&#8220;][\/et_pb_number_counter][\/et_pb_column][\/et_pb_row][et_pb_row module_class=&#8220;row-text-center&#8220; _builder_version=&#8220;4.22.2&#8243; _module_preset=&#8220;default&#8220; global_colors_info=&#8220;{}&#8220;][et_pb_column type=&#8220;4_4&#8243; _builder_version=&#8220;4.22.2&#8243; _module_preset=&#8220;default&#8220; global_colors_info=&#8220;{}&#8220;][et_pb_text _builder_version=&#8220;4.27.2&#8243; _module_preset=&#8220;default&#8220; global_colors_info=&#8220;{}&#8220;]<\/p>\n<h5>Egal, ob es sich um einen schwierigen Start oder eine stetige Entwicklung handelt, Haitian respektiert immer den Wert der Menschen und schafft eine &#8222;Familienkultur&#8220; innerhalb des Unternehmens.<\/h5>\n<p>[\/et_pb_text][\/et_pb_column][\/et_pb_row][\/et_pb_section][et_pb_section fb_built=&#8220;1&#8243; admin_label=&#8220;Section\/Teaserbox with Text and Image&#8220; module_class=&#8220;section-text-image-box-withIcon noPadding-top noPadding-bottom&#8220; _builder_version=&#8220;4.27.2&#8243; custom_margin=&#8220;||82px|||&#8220; custom_padding=&#8220;||81px|||&#8220; locked=&#8220;off&#8220; global_colors_info=&#8220;{}&#8220;][et_pb_row column_structure=&#8220;1_2,1_2&#8243; make_equal=&#8220;on&#8220; admin_label=&#8220;row&#8220; _builder_version=&#8220;4.27.4&#8243; background_size=&#8220;initial&#8220; background_position=&#8220;top_left&#8220; background_repeat=&#8220;repeat&#8220; min_height_tablet=&#8220;&#8220; min_height_phone=&#8220;&#8220; min_height_last_edited=&#8220;on|desktop&#8220; custom_padding=&#8220;0px||0px||true|false&#8220; global_colors_info=&#8220;{}&#8220;][et_pb_column type=&#8220;1_2&#8243; module_class=&#8220;background&#8220; _builder_version=&#8220;4.27.4&#8243; background_image=&#8220;https:\/\/www.haitian.com\/wp-content\/uploads\/sites\/2\/2024\/12\/Group_Social-project-foundation.jpg&#8220; custom_padding=&#8220;|||&#8220; global_colors_info=&#8220;{}&#8220; custom_padding__hover=&#8220;|||&#8220;][\/et_pb_column][et_pb_column type=&#8220;1_2&#8243; _builder_version=&#8220;4.22.2&#8243; global_colors_info=&#8220;{}&#8220; custom_padding__hover=&#8220;|||&#8220;][et_pb_blurb title=&#8220;soziale Verantwortung&#8220; image=&#8220;https:\/\/www.haitian.com\/wp-content\/uploads\/sites\/2\/2024\/12\/Group-Social-project-logo.png&#8220; image_icon_width=&#8220;30%&#8220; icon_alignment=&#8220;left&#8220; _builder_version=&#8220;4.27.4&#8243; _module_preset=&#8220;default&#8220; header_level=&#8220;h6&#8243; header_font=&#8220;|600|||||||&#8220; header_text_color=&#8220;#be9f57&#8243; image_icon_custom_margin=&#8220;||0px||false|false&#8220; global_colors_info=&#8220;{}&#8220;]<\/p>\n<h4>Gemeinsam f\u00fcr eine bessere Zukunft<\/h4>\n<h5>Bei Haitian bedeutet soziale Verantwortung, unseren Gemeinschaften etwas zur\u00fcckzugeben. Seit 2013 verk\u00f6rpert die Zhejiang Haitian Charity Foundation unser Engagement f\u00fcr Solidarit\u00e4t, Nachhaltigkeit und systematische Unterst\u00fctzung f\u00fcr Menschen in Not &#8211; denn gemeinsam erreichen wir mehr. <\/h5>\n<p>[\/et_pb_blurb][\/et_pb_column][\/et_pb_row][\/et_pb_section][et_pb_section fb_built=&#8220;1&#8243; admin_label=&#8220;Section: Content &#8211; Slider with Tabs &#8220; module_class=&#8220;section-tabs-slider noPadding-top&#8220; _builder_version=&#8220;4.27.2&#8243; _module_preset=&#8220;default&#8220; custom_padding=&#8220;82px|||||&#8220; locked=&#8220;off&#8220; global_colors_info=&#8220;{}&#8220;][et_pb_row _builder_version=&#8220;4.27.2&#8243; _module_preset=&#8220;default&#8220; global_colors_info=&#8220;{}&#8220;][et_pb_column type=&#8220;4_4&#8243; _builder_version=&#8220;4.27.2&#8243; _module_preset=&#8220;default&#8220; global_colors_info=&#8220;{}&#8220;][et_pb_text admin_label=&#8220;Headline&#8220; _builder_version=&#8220;4.27.4&#8243; _module_preset=&#8220;default&#8220; locked=&#8220;off&#8220; global_colors_info=&#8220;{}&#8220;]<\/p>\n<h2 style=\"text-align: center\">Wir k\u00fcmmern uns &#8211; Projekte<\/h2>\n<p>[\/et_pb_text][\/et_pb_column][\/et_pb_row][et_pb_row admin_label=&#8220;\u00dcberschrift und Tabfilter&#8220; module_class=&#8220;content-center&#8220; _builder_version=&#8220;4.23.1&#8243; _module_preset=&#8220;default&#8220; width=&#8220;60%&#8220; width_tablet=&#8220;80%&#8220; width_phone=&#8220;92%&#8220; width_last_edited=&#8220;on|phone&#8220; global_colors_info=&#8220;{}&#8220; width__hover_enabled=&#8220;off|desktop&#8220;][et_pb_column type=&#8220;4_4&#8243; _builder_version=&#8220;4.23.1&#8243; _module_preset=&#8220;default&#8220; global_colors_info=&#8220;{}&#8220;][et_pb_text admin_label=&#8220;Tab1 &#8211; social&#8220; module_class=&#8220;more-link js-filter-tab tab-1&#8243; _builder_version=&#8220;4.27.4&#8243; _module_preset=&#8220;default&#8220; background_layout=&#8220;dark&#8220; custom_margin=&#8220;|30px|||false|false&#8220; global_colors_info=&#8220;{}&#8220;]<\/p>\n<p>sozial<\/p>\n<p>[\/et_pb_text][et_pb_text admin_label=&#8220;Tab2 &#8211; education&#8220; module_class=&#8220;more-link js-filter-tab tab-2&#8243; _builder_version=&#8220;4.27.4&#8243; _module_preset=&#8220;default&#8220; background_layout=&#8220;dark&#8220; global_colors_info=&#8220;{}&#8220;]<\/p>\n<p>Bildung<\/p>\n<p>[\/et_pb_text][et_pb_text admin_label=&#8220;Tab3 &#8211; green&#8220; module_class=&#8220;more-link js-filter-tab tab-3&#8243; _builder_version=&#8220;4.27.4&#8243; _module_preset=&#8220;default&#8220; background_layout=&#8220;dark&#8220; global_colors_info=&#8220;{}&#8220;]<\/p>\n<p>gr\u00fcn<\/p>\n<p>[\/et_pb_text][et_pb_text admin_label=&#8220;Tab4 &#8211; culture&#8220; module_class=&#8220;more-link js-filter-tab tab-4&#8243; _builder_version=&#8220;4.27.4&#8243; _module_preset=&#8220;default&#8220; background_layout=&#8220;dark&#8220; global_colors_info=&#8220;{}&#8220;]<\/p>\n<p>Gemeinwohl<\/p>\n<p>[\/et_pb_text][\/et_pb_column][\/et_pb_row][et_pb_row admin_label=&#8220;Inhalt Folien&#8220; module_class=&#8220;row-fullwidth&#8220; _builder_version=&#8220;4.23.1&#8243; _module_preset=&#8220;default&#8220; global_colors_info=&#8220;{}&#8220;][et_pb_column type=&#8220;4_4&#8243; module_class=&#8220;tabs-slider-filter&#8220; _builder_version=&#8220;4.23.1&#8243; _module_preset=&#8220;default&#8220; global_colors_info=&#8220;{}&#8220;][et_pb_blurb title=&#8220;Solarstromanlagen&#8220; image=&#8220;https:\/\/www.haitian.com\/wp-content\/uploads\/sites\/2\/2024\/12\/Solar-panels_1040x1040.jpg&#8220; admin_label=&#8220;green &#8211; Solar Systems&#8220; module_class=&#8220;tab-3&#8243; _builder_version=&#8220;4.27.4&#8243; _module_preset=&#8220;default&#8220; background_enable_image=&#8220;off&#8220; background_size=&#8220;contain&#8220; global_colors_info=&#8220;{}&#8220;]<\/p>\n<h5>Haitian hat erfolgreich Photovoltaik-Projekte durchgef\u00fchrt und landesweit mehr als 30 Millionen kWh Leistung auf den D\u00e4chern seiner Produktionsst\u00e4tten installiert &#8211; ein Beitrag zu einer gr\u00fcneren, nachhaltigeren Zukunft.<\/h5>\n<p>[\/et_pb_blurb][et_pb_blurb title=&#8220;Zertifiziert und kontinuierlich verbessert&#8220; image=&#8220;https:\/\/www.haitian.com\/wp-content\/uploads\/sites\/2\/2025\/02\/Carbon-footprint.jpg&#8220; admin_label=&#8220;green&#8220; module_class=&#8220;tab-3&#8243; _builder_version=&#8220;4.27.4&#8243; _module_preset=&#8220;default&#8220; background_enable_image=&#8220;off&#8220; background_size=&#8220;contain&#8220; global_colors_info=&#8220;{}&#8220;]<\/p>\n<h5>Nachhaltigkeit ist f\u00fcr Haitian eine der wichtigsten Priorit\u00e4ten. Unsere Produktionsprozesse sind nach nationalen und internationalen Umweltstandards zertifiziert und wir verpflichten uns zu kontinuierlichen Verbesserungen. Durch die Optimierung der Energieeffizienz und die Verringerung von Emissionen arbeiten wir aktiv daran, unseren \u00f6kologischen Fu\u00dfabdruck in allen unseren Betrieben zu verkleinern.  <\/h5>\n<p>[\/et_pb_blurb][et_pb_blurb title=&#8220;Schulungs-Workshops&#8220; image=&#8220;https:\/\/www.haitian.com\/wp-content\/uploads\/sites\/2\/2025\/02\/Haitian-education.jpg&#8220; admin_label=&#8220;education &#8211; &#8220; module_class=&#8220;tab-2&#8243; _builder_version=&#8220;4.27.4&#8243; _module_preset=&#8220;default&#8220; background_enable_image=&#8220;off&#8220; background_size=&#8220;contain&#8220; global_colors_info=&#8220;{}&#8220;]<\/p>\n<h5>Unsere Schulungsworkshops dienen als spezielle Plattform f\u00fcr junge Talente, um ihnen die f\u00fcr die kunststoffverarbeitende Industrie erforderlichen F\u00e4higkeiten zu vermitteln. Durch praxisnahe Workshops mit modernster Ausr\u00fcstung bieten wir praktische Lernerfahrungen, die die Teilnehmer auf die reale Produktionsumgebung vorbereiten. <\/h5>\n<p>&nbsp;<\/p>\n<p>[\/et_pb_blurb][et_pb_blurb title=&#8220;Mitarbeitergeh\u00e4use&#8220; image=&#8220;https:\/\/www.haitian.com\/wp-content\/uploads\/sites\/2\/2025\/02\/haitian-employer-living.jpg&#8220; admin_label=&#8220;culture &#8211; living&#8220; module_class=&#8220;tab-1&#8243; _builder_version=&#8220;4.27.4&#8243; _module_preset=&#8220;default&#8220; background_enable_image=&#8220;off&#8220; background_size=&#8220;contain&#8220; global_colors_info=&#8220;{}&#8220;]<\/p>\n<h5>Haitian stellt mehr als 2.000 Wohnungen f\u00fcr Mitarbeiter in acht speziellen Haitian Villages zur Verf\u00fcgung. Durch die Investition in erschwinglichen Wohnraum stellen wir sicher, dass unsere Mitarbeiter sowohl Komfort als auch ein starkes Gemeinschaftsgef\u00fchl genie\u00dfen. <\/h5>\n<p>&nbsp;<\/p>\n<p>[\/et_pb_blurb][et_pb_blurb title=&#8220;Haitianische soziale Clubs&#8220; image=&#8220;https:\/\/www.haitian.com\/wp-content\/uploads\/sites\/2\/2025\/02\/haitian-clubs.jpg&#8220; admin_label=&#8220;culture &#8211; social clubs&#8220; module_class=&#8220;tab-1&#8243; _builder_version=&#8220;4.27.4&#8243; _module_preset=&#8220;default&#8220; background_enable_image=&#8220;off&#8220; background_size=&#8220;contain&#8220; global_colors_info=&#8220;{}&#8220;]<\/p>\n<h5>Wir glauben, dass eine starke Kultur \u00fcber den Arbeitsplatz hinausgeht. Mit insgesamt 18 sozialen Clubs aus den Bereichen Sport, Kultur, Kunst &#8230; bieten wir unseren Mitarbeitern ein breites Spektrum an Aktivit\u00e4ten, um Engagement, Teamwork und pers\u00f6nliches Wohlbefinden zu f\u00f6rdern. Die Menschen sind der Grund, warum wir sind.  <\/h5>\n<p>&nbsp;<\/p>\n<p>[\/et_pb_blurb][et_pb_blurb title=&#8220;Reparatur Service&#8220; image=&#8220;https:\/\/www.haitian.com\/wp-content\/uploads\/sites\/2\/2025\/02\/haitian-social.jpg&#8220; admin_label=&#8220;social &#8211; Haitian &#8220; module_class=&#8220;tab-4&#8243; _builder_version=&#8220;4.27.4&#8243; _module_preset=&#8220;default&#8220; background_enable_image=&#8220;off&#8220; background_size=&#8220;contain&#8220; global_colors_info=&#8220;{}&#8220;]<\/p>\n<h5>Als Teil des Engagements der Haitian Foundation f\u00fcr soziale Verantwortung konzentrieren wir uns darauf, zu erneuern, anstatt wegzuwerfen. Durch Wiederherstellungsaktivit\u00e4ten helfen wir, Abfall zu reduzieren und gleichzeitig praktische Unterst\u00fctzung f\u00fcr die Gemeinschaft zu leisten. <\/h5>\n<p>&nbsp;<\/p>\n<p>[\/et_pb_blurb][\/et_pb_column][\/et_pb_row][\/et_pb_section][et_pb_section fb_built=&#8220;1&#8243; admin_label=&#8220;News &#8211; Related Posts&#8220; module_class=&#8220;section-carousel-slider-post&#8220; _builder_version=&#8220;4.23.1&#8243; _module_preset=&#8220;default&#8220; global_colors_info=&#8220;{}&#8220;][et_pb_row _builder_version=&#8220;4.27.4&#8243; _module_preset=&#8220;default&#8220; global_colors_info=&#8220;{}&#8220;][et_pb_column type=&#8220;4_4&#8243; _builder_version=&#8220;4.27.4&#8243; _module_preset=&#8220;default&#8220; global_colors_info=&#8220;{}&#8220;][et_pb_text _builder_version=&#8220;4.27.4&#8243; _module_preset=&#8220;default&#8220; global_colors_info=&#8220;{}&#8220;]<\/p>\n<h3 style=\"text-align: center\">Aktuelles<\/h3>\n<p>[\/et_pb_text][\/et_pb_column][\/et_pb_row][et_pb_row _builder_version=&#8220;4.22.2&#8243; _module_preset=&#8220;default&#8220; locked=&#8220;off&#8220; global_colors_info=&#8220;{}&#8220;][et_pb_column type=&#8220;4_4&#8243; _builder_version=&#8220;4.22.2&#8243; _module_preset=&#8220;default&#8220; global_colors_info=&#8220;{}&#8220;][et_pb_blog_extras include_categories=&#8220;4128,4129,4130,4176&#8243; blog_layout=&#8220;slider&#8220; slider_layout=&#8220;vertical_grid&#8220; meta_date=&#8220;m\/j\/Y&#8220; excerpt_length=&#8220;100&#8243; use_read_more_button=&#8220;on&#8220; read_more_text=&#8220;more&#8220; show_author=&#8220;off&#8220; show_comments=&#8220;off&#8220; slides_per_view=&#8220;3&#8243; slider_loop=&#8220;on&#8220; autoplay=&#8220;off&#8220; show_arrow=&#8220;on&#8220; show_arrow_on_hover=&#8220;on&#8220; show_control_dot=&#8220;on&#8220; slides_per_view_tablet=&#8220;2&#8243; slides_per_view_phone=&#8220;1&#8243; slides_per_view_last_edited=&#8220;on|phone&#8220; space_between_slides_tablet=&#8220;&#8220; space_between_slides_phone=&#8220;10px&#8220; space_between_slides_last_edited=&#8220;on|phone&#8220; _builder_version=&#8220;4.27.4&#8243; _module_preset=&#8220;default&#8220; header_level=&#8220;h4&#8243; read_more_alignment=&#8220;center&#8220; global_colors_info=&#8220;{}&#8220;][\/et_pb_blog_extras][\/et_pb_column][\/et_pb_row][\/et_pb_section]<\/p>\n","protected":false},"excerpt":{"rendered":"<p>Wir k\u00fcmmern uns Unsere Welt unsereVerantwortungEgal, ob es sich um einen schwierigen Start oder eine stetige Entwicklung handelt, Haitian respektiert immer den Wert der Menschen und schafft eine &#8222;Familienkultur&#8220; innerhalb des Unternehmens.Gemeinsam f\u00fcr eine bessere Zukunft Bei Haitian bedeutet soziale Verantwortung, unseren Gemeinschaften etwas zur\u00fcckzugeben. Seit 2013 verk\u00f6rpert die Zhejiang Haitian Charity Foundation unser Engagement [&hellip;]<\/p>\n","protected":false},"author":3,"featured_media":0,"parent":0,"menu_order":0,"comment_status":"closed","ping_status":"closed","template":"","meta":{"_et_pb_use_builder":"on","_et_pb_old_content":"","_et_gb_content_width":"","footnotes":""},"class_list":["post-6347","page","type-page","status-publish","hentry"],"yoast_head":"<!-- This site is optimized with the Yoast SEO plugin v27.2 - https:\/\/yoast.com\/product\/yoast-seo-wordpress\/ -->\n<title>Wir k\u00fcmmern uns - Haitian Group<\/title>\n<meta name=\"robots\" content=\"index, follow, max-snippet:-1, max-image-preview:large, max-video-preview:-1\" \/>\n<link rel=\"canonical\" href=\"https:\/\/www.haitian.com\/de\/wir-kuemmern-uns\/\" \/>\n<meta property=\"og:locale\" content=\"de_DE\" \/>\n<meta property=\"og:type\" content=\"article\" \/>\n<meta property=\"og:title\" content=\"Wir k\u00fcmmern uns - Haitian Group\" \/>\n<meta property=\"og:description\" content=\"Wir k\u00fcmmern uns Unsere Welt unsereVerantwortungEgal, ob es sich um einen schwierigen Start oder eine stetige Entwicklung handelt, Haitian respektiert immer den Wert der Menschen und schafft eine &quot;Familienkultur&quot; innerhalb des Unternehmens.Gemeinsam f\u00fcr eine bessere Zukunft Bei Haitian bedeutet soziale Verantwortung, unseren Gemeinschaften etwas zur\u00fcckzugeben. Seit 2013 verk\u00f6rpert die Zhejiang Haitian Charity Foundation unser Engagement [&hellip;]\" \/>\n<meta property=\"og:url\" content=\"https:\/\/www.haitian.com\/de\/wir-kuemmern-uns\/\" \/>\n<meta property=\"og:site_name\" content=\"Haitian Group\" \/>\n<meta property=\"article:modified_time\" content=\"2025-09-24T17:20:40+00:00\" \/>\n<meta name=\"twitter:card\" content=\"summary_large_image\" \/>\n<meta name=\"twitter:label1\" content=\"Gesch\u00e4tzte Lesezeit\" \/>\n\t<meta name=\"twitter:data1\" content=\"9\u00a0Minuten\" \/>\n<script type=\"application\/ld+json\" class=\"yoast-schema-graph\">{\"@context\":\"https:\/\/schema.org\",\"@graph\":[{\"@type\":\"WebPage\",\"@id\":\"https:\/\/www.haitian.com\/de\/wir-kuemmern-uns\/\",\"url\":\"https:\/\/www.haitian.com\/de\/wir-kuemmern-uns\/\",\"name\":\"Wir k\u00fcmmern uns - Haitian Group\",\"isPartOf\":{\"@id\":\"https:\/\/www.haitian.com\/de\/#website\"},\"datePublished\":\"2024-06-05T14:46:18+00:00\",\"dateModified\":\"2025-09-24T17:20:40+00:00\",\"breadcrumb\":{\"@id\":\"https:\/\/www.haitian.com\/de\/wir-kuemmern-uns\/#breadcrumb\"},\"inLanguage\":\"de\",\"potentialAction\":[{\"@type\":\"ReadAction\",\"target\":[\"https:\/\/www.haitian.com\/de\/wir-kuemmern-uns\/\"]}]},{\"@type\":\"BreadcrumbList\",\"@id\":\"https:\/\/www.haitian.com\/de\/wir-kuemmern-uns\/#breadcrumb\",\"itemListElement\":[{\"@type\":\"ListItem\",\"position\":1,\"name\":\"Home\",\"item\":\"https:\/\/www.haitian.com\/de\/\"},{\"@type\":\"ListItem\",\"position\":2,\"name\":\"Wir k\u00fcmmern uns\"}]},{\"@type\":\"WebSite\",\"@id\":\"https:\/\/www.haitian.com\/de\/#website\",\"url\":\"https:\/\/www.haitian.com\/de\/\",\"name\":\"Haitian Group\",\"description\":\"Subtitle\",\"potentialAction\":[{\"@type\":\"SearchAction\",\"target\":{\"@type\":\"EntryPoint\",\"urlTemplate\":\"https:\/\/www.haitian.com\/de\/?s={search_term_string}\"},\"query-input\":{\"@type\":\"PropertyValueSpecification\",\"valueRequired\":true,\"valueName\":\"search_term_string\"}}],\"inLanguage\":\"de\"}]}<\/script>\n<!-- \/ Yoast SEO plugin. -->","yoast_head_json":{"title":"Wir k\u00fcmmern uns - Haitian Group","robots":{"index":"index","follow":"follow","max-snippet":"max-snippet:-1","max-image-preview":"max-image-preview:large","max-video-preview":"max-video-preview:-1"},"canonical":"https:\/\/www.haitian.com\/de\/wir-kuemmern-uns\/","og_locale":"de_DE","og_type":"article","og_title":"Wir k\u00fcmmern uns - Haitian Group","og_description":"Wir k\u00fcmmern uns Unsere Welt unsereVerantwortungEgal, ob es sich um einen schwierigen Start oder eine stetige Entwicklung handelt, Haitian respektiert immer den Wert der Menschen und schafft eine \"Familienkultur\" innerhalb des Unternehmens.Gemeinsam f\u00fcr eine bessere Zukunft Bei Haitian bedeutet soziale Verantwortung, unseren Gemeinschaften etwas zur\u00fcckzugeben. Seit 2013 verk\u00f6rpert die Zhejiang Haitian Charity Foundation unser Engagement [&hellip;]","og_url":"https:\/\/www.haitian.com\/de\/wir-kuemmern-uns\/","og_site_name":"Haitian Group","article_modified_time":"2025-09-24T17:20:40+00:00","twitter_card":"summary_large_image","twitter_misc":{"Gesch\u00e4tzte Lesezeit":"9\u00a0Minuten"},"schema":{"@context":"https:\/\/schema.org","@graph":[{"@type":"WebPage","@id":"https:\/\/www.haitian.com\/de\/wir-kuemmern-uns\/","url":"https:\/\/www.haitian.com\/de\/wir-kuemmern-uns\/","name":"Wir k\u00fcmmern uns - Haitian Group","isPartOf":{"@id":"https:\/\/www.haitian.com\/de\/#website"},"datePublished":"2024-06-05T14:46:18+00:00","dateModified":"2025-09-24T17:20:40+00:00","breadcrumb":{"@id":"https:\/\/www.haitian.com\/de\/wir-kuemmern-uns\/#breadcrumb"},"inLanguage":"de","potentialAction":[{"@type":"ReadAction","target":["https:\/\/www.haitian.com\/de\/wir-kuemmern-uns\/"]}]},{"@type":"BreadcrumbList","@id":"https:\/\/www.haitian.com\/de\/wir-kuemmern-uns\/#breadcrumb","itemListElement":[{"@type":"ListItem","position":1,"name":"Home","item":"https:\/\/www.haitian.com\/de\/"},{"@type":"ListItem","position":2,"name":"Wir k\u00fcmmern uns"}]},{"@type":"WebSite","@id":"https:\/\/www.haitian.com\/de\/#website","url":"https:\/\/www.haitian.com\/de\/","name":"Haitian Group","description":"Subtitle","potentialAction":[{"@type":"SearchAction","target":{"@type":"EntryPoint","urlTemplate":"https:\/\/www.haitian.com\/de\/?s={search_term_string}"},"query-input":{"@type":"PropertyValueSpecification","valueRequired":true,"valueName":"search_term_string"}}],"inLanguage":"de"}]}},"_links":{"self":[{"href":"https:\/\/www.haitian.com\/de\/wp-json\/wp\/v2\/pages\/6347","targetHints":{"allow":["GET"]}}],"collection":[{"href":"https:\/\/www.haitian.com\/de\/wp-json\/wp\/v2\/pages"}],"about":[{"href":"https:\/\/www.haitian.com\/de\/wp-json\/wp\/v2\/types\/page"}],"author":[{"embeddable":true,"href":"https:\/\/www.haitian.com\/de\/wp-json\/wp\/v2\/users\/3"}],"replies":[{"embeddable":true,"href":"https:\/\/www.haitian.com\/de\/wp-json\/wp\/v2\/comments?post=6347"}],"version-history":[{"count":5,"href":"https:\/\/www.haitian.com\/de\/wp-json\/wp\/v2\/pages\/6347\/revisions"}],"predecessor-version":[{"id":9595,"href":"https:\/\/www.haitian.com\/de\/wp-json\/wp\/v2\/pages\/6347\/revisions\/9595"}],"wp:attachment":[{"href":"https:\/\/www.haitian.com\/de\/wp-json\/wp\/v2\/media?parent=6347"}],"curies":[{"name":"wp","href":"https:\/\/api.w.org\/{rel}","templated":true}]}}